{"id":22,"date":"2016-04-13T17:47:56","date_gmt":"2016-04-13T14:47:56","guid":{"rendered":"https:\/\/reconscivil.md\/?page_id=22"},"modified":"2023-02-22T21:37:43","modified_gmt":"2023-02-22T18:37:43","slug":"about-us","status":"publish","type":"page","link":"https:\/\/reconscivil.md\/en\/about-us\/","title":{"rendered":"About us"},"content":{"rendered":"<div class=\"left\">\n<p style=\"text-align: justify;\"><strong>RECONSCIVIL\u00a0nu doar construie\u0219te case, ci ofer\u0103 senza\u0163ia de Acas\u0103<\/strong><\/p>\n<\/div>\n<div class=\"center\">\n<div class=\"text\">\n<p style=\"text-align: justify;\">\u201e<em>A construi<\/em>\u201d \u015fi \u201e<em>a \u00een\u0103l\u0163a<\/em>\u201d, dou\u0103 sinonime ce aparent se pliaz\u0103 perfect, au dirijat vectorul visurilor pe care fondatorii companiei\u00a0RECONSCIVIL\u00a0le aveau \u00eenc\u0103 acum <strong>23 de ani<\/strong>. Ei au construit, dar, \u00een acela\u015fi timp, au f\u0103cut diferen\u0163a \u00eentre cele dou\u0103 verbe \u015fi au ales s\u0103 \u00eenal\u0163e. \u015ei aici nu ne referim doar la \u00een\u0103l\u0163imea cl\u0103dirilor realizate, ci la esen\u0163a \u00een\u0103l\u0163\u0103rii\u00a0\u00een orice afacere \u2013\u00a0<strong>calitate, operativitate, stabilitate \u015fi fidelitate<\/strong> fa\u0163\u0103 de cei care mizeaz\u0103 pe RECONSCIVIL. Astfel, pornind de la acest principiu fundamental, noi am parcurs calea ascensional\u0103 a dezvolt\u0103rii pentru a oferi oamenilor nu doar o cas\u0103, ci mai mult\u00a0\u2013 un sentiment <em>de \u201e<\/em><strong>Acas\u0103<\/strong><em>\u201d<\/em>. Prin valorile promovate, am construit pe parcursul acestor ani\u00a0un nume \u015fi este absolut firesc s\u0103 men\u0163ion\u0103m c\u0103 \u201eomul sfin\u0163e\u015fte locul\u201d \u015fi nimic nu ar fi fost a\u015fa cum este f\u0103r\u0103 implicarea fondatorului companiei, Omul &#8211; Valeriu Sufrai, dar \u0219i a fiec\u0103rui membru din echipa sa.<\/p>\n<p style=\"text-align: justify;\">V\u0103 dorim o c\u0103l\u0103torie constructiv\u0103 \u00een lumea\u00a0RECONSCIVIL!<\/p>\n<p style=\"text-align: justify;\">Compania\u00a0RECONSCIVIL\u00a0dispune ast\u0103zi de toate mijloacele \u0219i resursele necesare pentru a demara \u0219i a da \u00een folosin\u021b\u0103 proiecte imobiliare de cea mai \u00eenalt\u0103 calitate. \u00cen acest sens, \u00een cei <strong>23 de\u00a0ani<\/strong> de activitate a reu\u0219it s\u0103 devin\u0103 un partener de \u00eencredere pentru circa <strong>3500 de familii<\/strong>, care \u00een cadrul companiei au \u00een primul r\u00e2nd statut de coinvestitori, apoi statut de clien\u021bi. De asemenea, RECONSCIVIL\u00a0\u0219i-a demonstrat profesionalismul, dedica\u021bia \u0219i flexibilitatea, realiz\u00e2nd programe \u00een comun cu institu\u021biile de stat sau ob\u021binute prin licita\u021bie.<\/p>\n<p style=\"text-align: justify;\">Succesul \u0219i calitatea incontestabil\u0103 tuturor proiectelor noastre finalizate au fost asigurate direct de calitatea\u00a0lucr\u0103rilor de construc\u021bie efectuate, precum \u0219i materialelor de construc\u021bie, care \u00een mare parte sunt importate direct de la produc\u0103tori, alia\u021bi de \u00eencredere ai companiei.<\/p>\n<p style=\"text-align: justify;\">RECONSCIVIL\u00a0dispune de o baz\u0103 de producere cu sec\u021bii de producere (cu o suprafa\u021b\u0103 de 1500 m.p.) \u0219i depozite pentru materiale (cu o suprafa\u021b\u0103 de 900 m.p.), amplasat\u0103 pe un lot de teren cu o suprafa\u021b\u0103 de 68 de ari, pe str. Industrial\u0103, 10 din capital\u0103. Aceast\u0103 baz\u0103 de producere se afl\u0103 la dispozi\u021bia unei echipe de profesioni\u0219ti, care muncesc zilnic pentru a realiza la capacitate maxim\u0103 programul stabilit. Respectiva echip\u0103 este administrat\u0103 de \u0219eful bazei de producere, dl Iurie Roman, inginer-mecanic.<\/p>\n<p style=\"text-align: justify;\">Sec\u021biile \u00een cadrul bazei de producere sunt catalogate dup\u0103 misiunea pe care o poart\u0103 \u00een cadrul companiei:<\/p>\n<p style=\"text-align: justify;\">\u2022 Sec\u021bia de t\u00e2mpl\u0103rie din profile PVC \u0219i sisteme de fa\u021bade din sticl\u0103 cu profile de aluminiu \u0219i sec\u021bia de producere a termopanelor. \u0218ef de sec\u021bie: dl Serghei Cr\u00eejanovschii.<\/p>\n<p style=\"text-align: justify;\">\u2022 Sec\u021bia de confec\u021bionare a articolelor din metal. \u0218ef de sec\u021bie: dl Constantin Lu\u021b\u0103.<\/p>\n<p style=\"text-align: justify;\">Compania de construc\u021bii\u00a0RECONSCIVIL\u00a0dispune de \u0219apte autocamioane, o automacara cu capacitatea de 28 t \u0219i o macara-turn.<\/p>\n<p style=\"text-align: justify;\">Principalele trei direc\u021bii \u00een care activeaz\u0103 compania\u00a0RECONSCIVIL\u00a0sunt managementul de proiecte \u0219i prestarea serviciilor de antreprenoriat general \u00een construc\u021bii, dezvoltarea \u0219i realizarea proiectelor imobiliare proprii \u0219i participarea la \u00eendeplinirea programelor sociale guvernamentale.<\/p>\n<p style=\"text-align: justify;\"><strong>Antreprenoriat general \u00een construc\u021bii<\/strong><\/p>\n<p style=\"text-align: justify;\"><strong>Construim. Renov\u0103m. Finis\u0103m<\/strong><\/p>\n<p style=\"text-align: justify;\">Mai mult dec\u00e2t o simpl\u0103 companie de construc\u0163ii,\u00a0RECONSCIVIL\u00a0este un antreprenor general care a demonstrat c\u0103 poate face management eficient de proiecte \u00een domeniul construc\u021biilor. Ba chiar mai mult, compania poate fi \u015fi un \u201esalvator\u201d de proiecte. Aceast\u0103 performan\u021b\u0103 a demonstrat-o chiar de la bun \u00eenceput, de la primul proiect imobiliar.<\/p>\n<p style=\"text-align: justify;\">Primul contract de antreprenoriat general \u00een construc\u021bii a fost semnat \u00een 2001. Prin acesta\u00a0RECONSCIVIL\u00a0a reanimat proiectul \u00eenghe\u021bat de patru ani al blocului de locuit din str. Costiujeni 6\/1 din capital\u0103. Pentru realizarea respectivului proiect, compania a fost nevoit\u0103 s\u0103 suporte cheltuielile legate de repara\u0163ia curent\u0103 a liniei de producere \u015fi pornirea procesului de produc\u0163ie la uzina \u201eKPD\u201d \u2013 unicul produc\u0103tor de elemente prefabricate din beton necesare pentru construc\u0163ia cl\u0103dirilor de tipul \u201eMC-143\u201d. \u00cen cei <strong>23 de ani<\/strong>,\u00a0RECONSCIVIL\u00a0a \u201esalvat\u201d mai multe proiecte imobiliare, printre care blocul locativ din str. Costiujeni 6\/1, complexul locativ de pe \u00a0str. Alba Iulia 192, blocuri locative din str. Onisifor Ghibu 7\/1, 7\/3, blocurile de pe\u00a0str. N. Zelinski 15 din capital\u0103 \u0219i Mircea cel B\u0103tr\u00een 42\/2, 42\/4.<\/p>\n<p style=\"text-align: justify;\">Compania\u00a0RECONSCIVIL\u00a0dispune de capacitatea tehnic\u0103 necesar\u0103 \u0219i de speciali\u0219ti califica\u021bi care sunt dispu\u0219i s\u0103 execute orice tip de proiecte de reconstruc\u021bie \u0219i construc\u021bie a obiectivelor civile, inclusiv proiecte la cheie. Pentru cei care apeleaz\u0103 la serviciile oferite de\u00a0RECONSCIVIL, indiferent c\u0103 au deja un plan elaborat sau nu, compania poate transpune \u00een realitate proiectele de executare pentru clien\u021bii s\u0103i. Cei care vor s\u0103-\u0219i fac\u0103 un sediu sau s\u0103 investeasc\u0103 \u00een reconstruc\u021bia unui imobil pot fi siguri c\u0103\u00a0RECONSCIVIL\u00a0este un partener de afaceri de \u00eencredere!<\/p>\n<p style=\"text-align: justify;\"><b>Proiecte imobiliare<\/b><\/p>\n<p style=\"text-align: justify;\"><b>G\u00e2ndim. Dezvolt\u0103m. Realiz\u0103m<\/b><\/p>\n<p style=\"text-align: justify;\">Reconscivil a adus pe pia\u021ba imobiliar\u0103 din RM termenul de \u201e<strong>ofert\u0103 la cheie<\/strong>\u201d, aceasta fiind \u0219i una dintre principalele direc\u021bii pe care se axeaz\u0103 \u00een ziua de azi compania.<\/p>\n<p style=\"text-align: justify;\">Proiectele imobiliare implic\u0103 un proces mai amplu de dezvoltare, \u00eencep\u00e2nd cu amplasarea imobilului, proiectarea interiorului blocului \u00een raport cu cerin\u021bele pie\u021bei \u0219i normele \u00een construc\u021bii, asigurarea cu autoriza\u021bii de construc\u021bie, ulterior, executarea finis\u0103rilor \u00een interiorul apartamentului \u0219i v\u00e2nzarea apartamentelor pe parcursul realiz\u0103rii \u0219i dup\u0103 finisarea proiectului.<\/p>\n<p style=\"text-align: justify;\">Proiectele imobiliare constituie a\u0219a-numita\u00a0<em>locomotiv\u0103<\/em> a companiei\u00a0RECONSCIVIL, care implic\u0103 cele mai multe resurse \u0219i genereaz\u0103 o mare parte din venit. Compania lanseaz\u0103 pe pia\u021ba imobiliar\u0103 primar\u0103 a ora\u0219ului Chi\u0219in\u0103u cele mai bune oferte pentru spa\u021bii locative, iar \u00een fiecare proiect imobiliar realizat sub marca\u00a0RECONSCIVIL\u00a0sunt transpuse cuno\u0219tin\u021bele \u0219i experien\u021ba bogat\u0103 acumulat\u0103 \u00een timpul realiz\u0103rii celor peste <strong>45<\/strong><strong>\u00a0proiecte imobiliare finisate<\/strong><em>.\u00a0<\/em><\/p>\n<p style=\"text-align: justify;\"><b>Proiecte sociale<\/b><\/p>\n<p style=\"text-align: justify;\"><b>Particip\u0103m. \u00cendeplinim. Contribuim<\/b><\/p>\n<p style=\"text-align: justify;\">Reconscivil acord\u0103 o mare aten\u021bie proiectelor cu caracter civic, contribuind considerabil la dezvoltarea infrastructurii \u021b\u0103rii prin realizarea proiectelor de construc\u0163ie finan\u021bate din fondurile de stat (Centrul Republican de Reabilitare pentru Copii din Chi\u015fin\u0103u, precum \u0219i Gr\u0103dini\u0163a din satul S\u0103i\u0163i, r-nul C\u0103u\u015feni) \u0219i a proiectelor cu impact socio-cultural finan\u0163ate de ONG-uri \u0219i organiza\u021bii private.<\/p>\n<p style=\"text-align: justify;\">Proiectele de acest tip sunt, de obicei, ob\u021binute prin licita\u0163iile publice la care particip\u0103 \u0219i\u00a0RECONSCIVIL, experien\u0163a \u015fi calitatea fiind un mare atu pentru companie.<\/p>\n<p style=\"text-align: justify;\"><strong>Proiecte de construc\u021bii curente<\/strong><\/p>\n<p style=\"text-align: justify;\">La sf\u00eer\u0219itul anul <strong>2022<\/strong>\u00a0compania\u00a0RECONSCIVIL\u00a0\u00ee\u0219i desf\u0103\u0219oar\u0103 activitatea pe mai multe \u0219antiere de construc\u021bii. Printre acestea pot fi men\u021bionate:<\/p>\n<p style=\"text-align: justify;\">\u00a0\u2022 COMPLEX LOCATIV CU GARAJE, CU TERITORIU AMENAJAT \u0218I \u00ceMPREJMUIT, STR. IAZULUI NR. 74.<\/p>\n<p style=\"text-align: justify;\">Durata construc\u021biei: 2021 &#8211; 2024<\/p>\n<p style=\"text-align: justify;\">Detalii pot fi v\u0103zute, f\u0103c\u00e2nd clic pe link-ul:<\/p>\n<p style=\"text-align: justify;\"><a href=\"https:\/\/reconscivil.md\/houses\/blocul-str-iazului\/\" rel=\"nofollow\">https:\/\/reconscivil.md\/houses\/blocul-str-iazului\/<\/a><\/p>\n<p>&nbsp;<\/p>\n<p style=\"text-align: justify;\"><strong>Dvs sunte\u021bi pe web site-ul nou al companiei RECONSCIVIL SRL.<\/strong><\/p>\n<\/div>\n<p><strong>Toat\u0103 informa\u021bia relevant\u0103 de pe site-ul vechi este transcris\u0103 pe acest site nou.<\/strong><\/p>\n<p><strong>\u00cen cazul \u00een care nu a\u021bi g\u0103sit informa\u021bia\u00a0necesar\u0103, accesa\u021bi\u00a0site-ul nostru vechi.<\/strong><\/p>\n<p><strong>\u00cenapoi la site-ul vechi <a href=\"http:\/\/old.reconscivil.md\/\">http:\/\/old.reconscivil.md\/<\/a> &gt;&gt;&gt;<\/strong><\/p>\n<\/div>\n","protected":false},"excerpt":{"rendered":"<p>RECONSCIVIL\u00a0nu doar construie\u0219te case, ci ofer\u0103 senza\u0163ia de Acas\u0103 \u201eA construi\u201d \u015fi \u201ea \u00een\u0103l\u0163a\u201d, dou\u0103 sinonime ce aparent se pliaz\u0103 perfect, au dirijat vectorul visurilor [&hellip;]<\/p>\n","protected":false},"author":1,"featured_media":0,"parent":0,"menu_order":0,"comment_status":"closed","ping_status":"closed","template":"template-about-us.php","meta":{"footnotes":""},"aioseo_notices":[],"_links":{"self":[{"href":"https:\/\/reconscivil.md\/en\/wp-json\/wp\/v2\/pages\/22"}],"collection":[{"href":"https:\/\/reconscivil.md\/en\/wp-json\/wp\/v2\/pages"}],"about":[{"href":"https:\/\/reconscivil.md\/en\/wp-json\/wp\/v2\/types\/page"}],"author":[{"embeddable":true,"href":"https:\/\/reconscivil.md\/en\/wp-json\/wp\/v2\/users\/1"}],"replies":[{"embeddable":true,"href":"https:\/\/reconscivil.md\/en\/wp-json\/wp\/v2\/comments?post=22"}],"version-history":[{"count":59,"href":"https:\/\/reconscivil.md\/en\/wp-json\/wp\/v2\/pages\/22\/revisions"}],"predecessor-version":[{"id":22504,"href":"https:\/\/reconscivil.md\/en\/wp-json\/wp\/v2\/pages\/22\/revisions\/22504"}],"wp:attachment":[{"href":"https:\/\/reconscivil.md\/en\/wp-json\/wp\/v2\/media?parent=22"}],"curies":[{"name":"wp","href":"https:\/\/api.w.org\/{rel}","templated":true}]}}